{"id":1436,"date":"2015-08-10T10:25:55","date_gmt":"2015-08-10T10:25:55","guid":{"rendered":"https:\/\/islabonita.com\/fr\/?page_id=1436"},"modified":"2016-02-18T08:50:30","modified_gmt":"2016-02-18T08:50:30","slug":"nous-connaitre","status":"publish","type":"page","link":"https:\/\/islabonita.com\/fr\/nous-connaitre\/","title":{"rendered":"Nous conna\u00eetre"},"content":{"rendered":"<p align=\"justify\">Depuis 1992 l&#8217;<strong>association de Turismo Rural Isla Bonita<\/strong> a particip\u00e9 au d\u00e9veloppement du tourisme rural et d&#8217;autres nouveaux produits touristiques de l&#8217;\u00eele de La Palma. Cette association regroupe pr\u00e8s d&#8217;une centaine de propri\u00e9taires de g\u00eetes ruraux mais \u00e9galement d&#8217;autres petites associations, entreprises et professionnel du tourisme et du d\u00e9veloppement rural.<\/p>\n<p align=\"justify\"><img loading=\"lazy\" decoding=\"async\" class=\"padding-left:10px; padding-bottom:10px; alignleft wp-image-374\" src=\"https:\/\/islabonita.com\/wp-content\/uploads\/2015\/08\/grupoislabonita.jpg\" alt=\"grupoislabonita\" width=\"225\" height=\"300\" \/>Au long de ces vingt ans une grande vari\u00e9t\u00e9 de projets et initiatives ont \u00e9t\u00e9 encourag\u00e9s, entre autres dans des domaines comme la promotion des logements ruraux et autres ressources touristiques, la formation pour la gestion des logements, la gestion de mus\u00e9es et lieux d&#8217;int\u00e9r\u00eats touristiques, l&#8217;implantation de syst\u00e8mes de qualit\u00e9 (Q de qualit\u00e9 o Biosphere House), la dynamisation de nouveaux produits (oenotourisme ou astrotourisme), \u00e9tudes de march\u00e9, projets de coop\u00e9ration de tourisme et d\u00e9veloppement avec d&#8217;autres territoires. Tout un d\u00e9ploiement encourag\u00e9 par une vocation sans but lucratif, orient\u00e9 \u00e0 la promotion des valeurs naturelles et culturelles de l&#8217;\u00eele de La Palma, \u00e0 la prestation de services aux associ\u00e9s et qui recherche la satisfaction de ceux qui visitent notre \u00eele, s\u00e9journent dans les logements de notre r\u00e9seau ou visitent nos mus\u00e9es.<\/p>\n<p style=\"text-align: justify;\">De cette fa\u00e7on l&#8217;association partage comme principes la pr\u00e9servation des valeurs environnementales e t la gestion des ressources naturelles, encourager la cr\u00e9ation d&#8217;initiatives touristiques viables et socialement utiles et contribuer \u00e0 une meilleur coh\u00e9sion territoriale et la solidarit\u00e9 entre les habitants de l&#8217;\u00eele.<\/p>\n<p align=\"justify\">Sous la d\u00e9nomination \u00ab\u00a0Turismo Rural Isla Bonita\u00a0\u00bb nous disposons d&#8217;une offre de g\u00eetes ruraux, pleinement int\u00e9gr\u00e9s \u00e0 la nature ou dans un environnement rural. Non seulement contempler la nature et le paysage mais aussi en profiter gr\u00e2ce \u00e0 de petites promenades, en faisant de la randonn\u00e9e, en v\u00e9lo ou utilisant quelconque autre moyen, \u00e0 la port\u00e9e de tous. La localisation dans des lieux tranquilles et sans bruits, dans d&#8217;anciennes maisons restaur\u00e9es, bien conserv\u00e9es et pr\u00e9par\u00e9es pour un confortable s\u00e9jour\u00a0; mais aussi garantir la privacit\u00e9 est le crit\u00e8re de s\u00e9lection des logements de notre offre.<\/p>\n<p align=\"justify\">Voici nos g\u00eetes ruraux (aller \u00e0 la liste des g\u00eetes), en esp\u00e9rant qu&#8217;ils vous plairont.<\/p>\n<p align=\"justify\">L&#8217;association dispose de sa propre centrale de r\u00e9serves ( <a href=\"mailto:reservas@islabonita.es\" target=\"_blank\">reservas@islabonita.es <\/a>&#8211; 0034 922430625) qui se charge de transmettre toute l&#8217;information n\u00e9cessaire de chaque r\u00e9servation aux clients et aux propri\u00e9taires, mais aussi de garantir que les personnes responsables du logement r\u00e9ponde rapidement face \u00e0 tout type de circonstance qui pourrait se produire. C&#8217;est ici, \u00e0 la centrale de r\u00e9serves o\u00f9 Laura et Ana peuvent vous conseiller dans la recherche du g\u00eete rural id\u00e9al pour vos vacances. Vous n&#8217;aurez qu&#8217;\u00e0 penser aux caract\u00e9ristiques et conditions que vous attendez trouver dans un g\u00eete, les dates auxquelles vous voulez voyager et le nombre de personnes. Ensuite nous pourrons vous renseigner sur les g\u00eetes, les endroits et les caract\u00e9ristiques sp\u00e9cifiques qui n&#8217;apparaissent pas sur notre site Internet. Ce sera un plaisir de pouvoir vous aider\u00a0!<\/p>\n","protected":false},"excerpt":{"rendered":"<p>Depuis 1992 l&#8217;association de Turismo Rural Isla Bonita a particip\u00e9 au d\u00e9veloppement du tourisme rural et d&#8217;autres nouveaux produits touristiques de l&#8217;\u00eele de La Palma. Cette association regroupe pr\u00e8s d&#8217;une centaine de propri\u00e9taires de g\u00eetes ruraux mais \u00e9galement d&#8217;autres petites associations, entreprises et professionnel du tourisme et du d\u00e9veloppement rural. Au long de ces vingt [&hellip;]<\/p>\n","protected":false},"author":1,"featured_media":0,"parent":0,"menu_order":0,"comment_status":"open","ping_status":"open","template":"","meta":{"footnotes":""},"rttpg_featured_image_url":null,"rttpg_author":{"display_name":"Isla Bonita","author_link":"https:\/\/islabonita.com\/fr\/author\/admin\/"},"rttpg_comment":0,"rttpg_category":" <a href=\"https:\/\/islabonita.com\/fr\/?taxonomy=translation_priority&#038;term=facultatif\" rel=\"tag\">Facultatif<\/a>","rttpg_excerpt":"Depuis 1992 l&#8217;association de Turismo Rural Isla Bonita a particip\u00e9 au d\u00e9veloppement du tourisme rural et d&#8217;autres nouveaux produits touristiques de l&#8217;\u00eele de La Palma. Cette association regroupe pr\u00e8s d&#8217;une centaine de propri\u00e9taires de g\u00eetes ruraux mais \u00e9galement d&#8217;autres petites associations, entreprises et professionnel du tourisme et du d\u00e9veloppement rural. Au long de ces vingt\u2026","_links":{"self":[{"href":"https:\/\/islabonita.com\/fr\/wp-json\/wp\/v2\/pages\/1436"}],"collection":[{"href":"https:\/\/islabonita.com\/fr\/wp-json\/wp\/v2\/pages"}],"about":[{"href":"https:\/\/islabonita.com\/fr\/wp-json\/wp\/v2\/types\/page"}],"author":[{"embeddable":true,"href":"https:\/\/islabonita.com\/fr\/wp-json\/wp\/v2\/users\/1"}],"replies":[{"embeddable":true,"href":"https:\/\/islabonita.com\/fr\/wp-json\/wp\/v2\/comments?post=1436"}],"version-history":[{"count":0,"href":"https:\/\/islabonita.com\/fr\/wp-json\/wp\/v2\/pages\/1436\/revisions"}],"wp:attachment":[{"href":"https:\/\/islabonita.com\/fr\/wp-json\/wp\/v2\/media?parent=1436"}],"curies":[{"name":"wp","href":"https:\/\/api.w.org\/{rel}","templated":true}]}}