{"id":1421,"date":"2015-08-10T09:21:55","date_gmt":"2015-08-10T09:21:55","guid":{"rendered":"https:\/\/islabonita.com\/fr\/?page_id=1421"},"modified":"2018-06-18T11:34:39","modified_gmt":"2018-06-18T11:34:39","slug":"qualite-touristique","status":"publish","type":"page","link":"https:\/\/islabonita.com\/fr\/qualite-touristique\/","title":{"rendered":"Qualit\u00e9 touristique"},"content":{"rendered":"<h3 style=\"text-align: justify;\">Certification Biosphere House<\/h3>\n<p style=\"text-align: justify;\"><img loading=\"lazy\" decoding=\"async\" class=\"padding-left: 10px; alignleft wp-image-340 size-full\" src=\"https:\/\/islabonita.com\/wp-content\/uploads\/2015\/08\/6c360e7871d8e53a26bc4b1c54ad00b2.gif\" alt=\"Certificaci\u00f3n Biospherehouse\" width=\"100\" height=\"98\" \/>Les g\u00eetes &#8220;<a href=\"http:\/\/biospheretourism.com\/en\" target=\"_blank\" rel=\"noopener nofollow\">Biosph\u00e8re House<\/a>&#8221; sont des maisons restaur\u00e9es comme logements touristiques, isol\u00e9e dans le milieu rural et conservant sa typologie traditionnelle. Pour ces raisons, l&#8217;Institut du Tourisme Responsable reconna\u00eet le niveau de responsabilit\u00e9 envers l&#8217;environnement et le patrimoine de cette cat\u00e9gorie de logements, ainsi que la qualit\u00e9 de l&#8217;offre en concordance avec les valeurs du monde rural et son niveau d&#8217;int\u00e9gration dans son milieu. <a href=\"http:\/\/biospheretourism.com\/en\" target=\"_blank\" rel=\"noopener nofollow\">+ information<\/a><\/p>\n<p>&nbsp;<\/p>\n<h3><\/h3>\n<h3 style=\"text-align: justify;\">Volcanic Experience<\/h3>\n<h4 style=\"text-align: justify;\"><img loading=\"lazy\" decoding=\"async\" class=\"padding-left:10px; padding-bottom:10px; alignleft wp-image-343\" src=\"https:\/\/islabonita.com\/wp-content\/uploads\/2015\/08\/volcanic_experience_g.jpg\" alt=\"volcanic_experience_g\" width=\"100\" height=\"99\" \/>Qu&#8217;es-ce que \u00abIslas Canarias Volcanic Experience\u00bb?<\/h4>\n<p style=\"text-align: justify;\">La diversit\u00e9 volcanique des \u00celes Canaries est une r\u00e9alit\u00e9 mise en \u00e9vidence par les particularit\u00e9s que renferme chaque \u00eele, mais il y a aussi autour des volcans tout un monde unique et pr\u00e9sent dans la gastronomie, les paysages agraires, la viticulture, les chemins de randonn\u00e9e, les h\u00e9bergements au charme particulier et les extraordinaires activit\u00e9s en plein air, comme par exemple la contemplation des \u00e9toiles qui brillent dans un ciel limpide.<\/p>\n<p style=\"text-align: justify;\">Islas Canarias Volcanic Experience est un label de qualit\u00e9 qui fait des \u00eeles une destination privil\u00e9gi\u00e9e pour jouir pleinement de la nature, tout en respectant l&#8217;environnement et la vie des populations locales.<\/p>\n<p style=\"text-align: justify;\">\u00a0Islas Canarias Volcanic Experience garantit la qualit\u00e9 des services touristiques que les \u00celes Canaries mettent \u00e0 votre disposition pour que vous puissiez profiter pleinement de vos vacances. Ce label retient l&#8217;engagement des h\u00f4teliers, propri\u00e9taires de g\u00eetes ruraux, restaurateurs, directeurs de centres d&#8217;activit\u00e9s, de mus\u00e9es et de parcs, qui croient, comme vous, \u00e0 un tourisme divertissant et durable.<\/p>\n<p>&nbsp;<\/p>\n<h3 style=\"text-align: justify;\">Starlight Certification<\/h3>\n<p align=\"justify\"><img loading=\"lazy\" decoding=\"async\" class=\"padding-left:10px; padding-bottom:10px; alignleft wp-image-342\" src=\"https:\/\/islabonita.com\/wp-content\/uploads\/2015\/08\/Starlight_g.jpg\" alt=\"Starlight_g\" width=\"100\" height=\"99\" \/>Starlight Certification for Rural Hotels and Houses is a qualification awarded by the Starlight Foundation to those establishments which, as well as offering accredited quality accommodation, also become involved as active agents in the promotion of the values contained in the \u201cDeclaration in Defense of the Night Sky and the Right to Starlight\u201d (\u201cLa Palma Declaration\u201d) and which provide their customers with information about Starlight as well as means and instruments for astronomical observation.<\/p>\n<p align=\"justify\">\n","protected":false},"excerpt":{"rendered":"<p>Certification Biosphere House Les g\u00eetes &#8220;Biosph\u00e8re House&#8221; sont des maisons restaur\u00e9es comme logements touristiques, isol\u00e9e dans le milieu rural et conservant sa typologie traditionnelle. Pour ces raisons, l&#8217;Institut du Tourisme Responsable reconna\u00eet le niveau de responsabilit\u00e9 envers l&#8217;environnement et le patrimoine de cette cat\u00e9gorie de logements, ainsi que la qualit\u00e9 de l&#8217;offre en concordance avec [&hellip;]<\/p>\n","protected":false},"author":1,"featured_media":0,"parent":0,"menu_order":0,"comment_status":"open","ping_status":"open","template":"","meta":{"footnotes":""},"rttpg_featured_image_url":null,"rttpg_author":{"display_name":"Isla Bonita","author_link":"https:\/\/islabonita.com\/fr\/author\/admin\/"},"rttpg_comment":0,"rttpg_category":false,"rttpg_excerpt":"Certification Biosphere House Les g\u00eetes &#8220;Biosph\u00e8re House&#8221; sont des maisons restaur\u00e9es comme logements touristiques, isol\u00e9e dans le milieu rural et conservant sa typologie traditionnelle. Pour ces raisons, l&#8217;Institut du Tourisme Responsable reconna\u00eet le niveau de responsabilit\u00e9 envers l&#8217;environnement et le patrimoine de cette cat\u00e9gorie de logements, ainsi que la qualit\u00e9 de l&#8217;offre en concordance avec\u2026","_links":{"self":[{"href":"https:\/\/islabonita.com\/fr\/wp-json\/wp\/v2\/pages\/1421"}],"collection":[{"href":"https:\/\/islabonita.com\/fr\/wp-json\/wp\/v2\/pages"}],"about":[{"href":"https:\/\/islabonita.com\/fr\/wp-json\/wp\/v2\/types\/page"}],"author":[{"embeddable":true,"href":"https:\/\/islabonita.com\/fr\/wp-json\/wp\/v2\/users\/1"}],"replies":[{"embeddable":true,"href":"https:\/\/islabonita.com\/fr\/wp-json\/wp\/v2\/comments?post=1421"}],"version-history":[{"count":0,"href":"https:\/\/islabonita.com\/fr\/wp-json\/wp\/v2\/pages\/1421\/revisions"}],"wp:attachment":[{"href":"https:\/\/islabonita.com\/fr\/wp-json\/wp\/v2\/media?parent=1421"}],"curies":[{"name":"wp","href":"https:\/\/api.w.org\/{rel}","templated":true}]}}