{"id":12638,"date":"2019-06-18T11:54:29","date_gmt":"2019-06-18T11:54:29","guid":{"rendered":"https:\/\/islabonita.com\/inicio-isla-bonita\/"},"modified":"2024-11-20T10:09:18","modified_gmt":"2024-11-20T10:09:18","slug":"inicio-isla-bonita","status":"publish","type":"page","link":"https:\/\/islabonita.com\/fr\/","title":{"rendered":"Accuel"},"content":{"rendered":"<h2>Le Tourisme Rural sur La Palma<\/h2>\n<h4 style=\"text-align: justify;\">A port\u00e9e de main avec l&#8217;association de Tourisme Rural \u00ab Isla Bonita \u00bb : Nature, Mer, Tranquillit\u00e9, Randonn\u00e9es ou Observation des \u00e9toiles. Nous avons un choix tr\u00e8s \u00e9tendu de g\u00eetes ruraux sur La Palma et s\u00fbrement la perle rare est dans le lot. Viens nous conna\u00eetre et connais la. Loge-toi \u00e0 un g\u00eete rural sur les \u00eeles Canaries.<\/h4>\n<p><strong><!-- MISTERPLAN PLUGIN 1.1.41-->\n<!-- MISTERPLAN PLUGIN MOTOR TIPO 3 DESTINO 3631 PV 2677-->\n<div class=\"MrPlanPlugin_BuscadorContainer\">\n        <div class=\"MrPlanPlugin_Buscador\" id=\"MrPlanPlugin_Buscador\">\n        <div id=\"TSh_TSearch_ParentDiv_3631_2677\" class=\"MrPlanPlugin_Buscador_Capa TTaq_texto_base\" capaMapa=\"SEn_Mapa_capaPadre_3631_2677\">\n            <script nowprocket id=\"TSh_parent_script_3631_2677\" name=\"TSh_parent_script_3631_2677\" src=\"https:\/\/mrplan.io\/scr\/modulos\/TSearch\/lib\/TSearchInc.php?\nWdgControl=TSh_parent_script_3631_2677\n&id_punto_venta=2677\n&id_operador=3631\n&id_oficina=undefined\n&id_idioma=3\n&capa_search=TSh_TSearch_ParentDiv_3631_2677\n&capa_resultados=TSh_TSearch_ResultsDiv_3631_2677\n&autoSearch=\n&v_results=2\n&modo_widget=2\n&v_form=10\n&tipo_buscador=1\n&disableUbicacion=1\n&disableCodAgencia=1\n&no_bootstrap=0\n&TSn_localidad_comarca=8|0\n&filtroDiscountCode=\n&codificacion_results=ISO-8859-1\n&activarSelectorTipo=1        \n&TEwsScrollToResults=1\n&landing_buscador=https:\/\/islabonita.com\/turismo-rural-en-la-palma\/\n&forzar_landing_ficha=https:\/\/islabonita.com\/turismo-rural-en-la-palma\/\n&source_plugin=MrPlanPlugin\n&web_plugin=https%3A%2F%2Fislabonita.com%2Ffr%2F\"><\/script>\n\n            <div class=\"TMrPlanPlugin_Loading\">\n                <img decoding=\"async\" src=\"https:\/\/islabonita.com\/wp-content\/plugins\/misterplan\/assets\/images\/loading.svg\">\n            <\/div>\n        <\/div>\n    <\/div>\n        <div id=\"SEn_Mapa_capaPadre_3631_2677\" style=\"margin-bottom: 40px; width: 100%; height: 450px; display: none;\">Loading Map ....<\/div>\n<\/div>\n\n\n<div class=\"MrPlanPlugin_BuscadorContainer\">\n        <div class=\"MrPlanPlugin_BuscadorResultados\" style=\"\">    \n        <div id=\"TSh_TSearch_ResultsDiv_3631_2677\" class=\"TTaq_texto_base TSearch_bmd\">\n        <\/div>\n    <\/div>\n    <\/div>\n<\/strong><\/p>\n<p>&nbsp;<\/p>\n","protected":false},"excerpt":{"rendered":"<p>Le Tourisme Rural sur La Palma A port\u00e9e de main avec l&#8217;association de Tourisme Rural \u00ab Isla Bonita \u00bb : Nature, Mer, Tranquillit\u00e9, Randonn\u00e9es ou Observation des \u00e9toiles. Nous avons un choix tr\u00e8s \u00e9tendu de g\u00eetes ruraux sur La Palma et s\u00fbrement la perle rare est dans le lot. Viens nous conna\u00eetre et connais la. [&hellip;]<\/p>\n","protected":false},"author":1,"featured_media":0,"parent":0,"menu_order":0,"comment_status":"closed","ping_status":"closed","template":"page-accommodation-list.php","meta":{"footnotes":""},"rttpg_featured_image_url":null,"rttpg_author":{"display_name":"Isla Bonita","author_link":"https:\/\/islabonita.com\/fr\/author\/admin\/"},"rttpg_comment":0,"rttpg_category":" <a href=\"https:\/\/islabonita.com\/fr\/?taxonomy=translation_priority&#038;term=facultatif\" rel=\"tag\">Facultatif<\/a>","rttpg_excerpt":"Le Tourisme Rural sur La Palma A port\u00e9e de main avec l&#8217;association de Tourisme Rural \u00ab Isla Bonita \u00bb : Nature, Mer, Tranquillit\u00e9, Randonn\u00e9es ou Observation des \u00e9toiles. Nous avons un choix tr\u00e8s \u00e9tendu de g\u00eetes ruraux sur La Palma et s\u00fbrement la perle rare est dans le lot. Viens nous conna\u00eetre et connais la.\u2026","_links":{"self":[{"href":"https:\/\/islabonita.com\/fr\/wp-json\/wp\/v2\/pages\/12638"}],"collection":[{"href":"https:\/\/islabonita.com\/fr\/wp-json\/wp\/v2\/pages"}],"about":[{"href":"https:\/\/islabonita.com\/fr\/wp-json\/wp\/v2\/types\/page"}],"author":[{"embeddable":true,"href":"https:\/\/islabonita.com\/fr\/wp-json\/wp\/v2\/users\/1"}],"replies":[{"embeddable":true,"href":"https:\/\/islabonita.com\/fr\/wp-json\/wp\/v2\/comments?post=12638"}],"version-history":[{"count":2,"href":"https:\/\/islabonita.com\/fr\/wp-json\/wp\/v2\/pages\/12638\/revisions"}],"predecessor-version":[{"id":30055,"href":"https:\/\/islabonita.com\/fr\/wp-json\/wp\/v2\/pages\/12638\/revisions\/30055"}],"wp:attachment":[{"href":"https:\/\/islabonita.com\/fr\/wp-json\/wp\/v2\/media?parent=12638"}],"curies":[{"name":"wp","href":"https:\/\/api.w.org\/{rel}","templated":true}]}}