{"id":78,"date":"2015-08-03T07:41:46","date_gmt":"2015-08-03T07:41:46","guid":{"rendered":"https:\/\/islabonita.com\/de\/casas-rurales\/"},"modified":"2016-05-16T07:49:19","modified_gmt":"2016-05-16T07:49:19","slug":"ferienhaeuser","status":"publish","type":"page","link":"https:\/\/islabonita.com\/de\/ferienhaeuser\/","title":{"rendered":"Ferienh\u00e4user"},"content":{"rendered":"<h1>Ferienh\u00e4user auf La Palma<\/h1>\n<h4 style=\"text-align: justify;\">Auf La Palma (Kanarische Inseln) die Natur, die Ruhe und das Meer zu genie\u00dfen, zu wandern oder die Sterne zu beobachten, sind einige der M\u00f6glichkeiten, die Ihnen die Vereinigung \u201eAsociaci\u00f3n de Turismo Rural Isla Bonita\u201c bietet. Das Angebot\u00a0 an Ferienh\u00e4user auf La Palma ist gro\u00df. Mit Sicherheit gibt es eines, das genau das richtige f\u00fcr Sie ist. Besuchen Sie uns und genie\u00dfen Sie Ihren Urlaub in einem Ferienhaus auf den Kanaren.<\/h4>\n","protected":false},"excerpt":{"rendered":"<p>Ferienh\u00e4user auf La Palma Auf La Palma (Kanarische Inseln) die Natur, die Ruhe und das Meer zu genie\u00dfen, zu wandern oder die Sterne zu beobachten, sind einige der M\u00f6glichkeiten, die Ihnen die Vereinigung \u201eAsociaci\u00f3n de Turismo Rural Isla Bonita\u201c bietet. Das Angebot\u00a0 an Ferienh\u00e4user auf La Palma ist gro\u00df. Mit Sicherheit gibt es eines, das [&hellip;]<\/p>\n","protected":false},"author":1,"featured_media":0,"parent":0,"menu_order":0,"comment_status":"open","ping_status":"open","template":"page-accommodation-list.php","meta":{"footnotes":""},"rttpg_featured_image_url":null,"rttpg_author":{"display_name":"Isla Bonita","author_link":"https:\/\/islabonita.com\/de\/author\/admin\/"},"rttpg_comment":0,"rttpg_category":" <a href=\"https:\/\/islabonita.com\/de\/?taxonomy=translation_priority&#038;term=optional-de\" rel=\"tag\">Optional<\/a>","rttpg_excerpt":"Ferienh\u00e4user auf La Palma Auf La Palma (Kanarische Inseln) die Natur, die Ruhe und das Meer zu genie\u00dfen, zu wandern oder die Sterne zu beobachten, sind einige der M\u00f6glichkeiten, die Ihnen die Vereinigung \u201eAsociaci\u00f3n de Turismo Rural Isla Bonita\u201c bietet. Das Angebot\u00a0 an Ferienh\u00e4user auf La Palma ist gro\u00df. Mit Sicherheit gibt es eines, das&hellip;","_links":{"self":[{"href":"https:\/\/islabonita.com\/de\/wp-json\/wp\/v2\/pages\/78"}],"collection":[{"href":"https:\/\/islabonita.com\/de\/wp-json\/wp\/v2\/pages"}],"about":[{"href":"https:\/\/islabonita.com\/de\/wp-json\/wp\/v2\/types\/page"}],"author":[{"embeddable":true,"href":"https:\/\/islabonita.com\/de\/wp-json\/wp\/v2\/users\/1"}],"replies":[{"embeddable":true,"href":"https:\/\/islabonita.com\/de\/wp-json\/wp\/v2\/comments?post=78"}],"version-history":[{"count":0,"href":"https:\/\/islabonita.com\/de\/wp-json\/wp\/v2\/pages\/78\/revisions"}],"wp:attachment":[{"href":"https:\/\/islabonita.com\/de\/wp-json\/wp\/v2\/media?parent=78"}],"curies":[{"name":"wp","href":"https:\/\/api.w.org\/{rel}","templated":true}]}}