{"id":334,"date":"2015-08-10T07:36:19","date_gmt":"2015-08-10T07:36:19","guid":{"rendered":"https:\/\/islabonita.com\/de\/la-palma\/"},"modified":"2016-02-17T08:45:20","modified_gmt":"2016-02-17T08:45:20","slug":"la-palma","status":"publish","type":"page","link":"https:\/\/islabonita.com\/de\/la-palma\/","title":{"rendered":"La Palma"},"content":{"rendered":"<blockquote>\n<h3 style=\"text-align: justify;\">La Palma, &#8220;die sch\u00f6ne Insel&#8221;<\/h3>\n<\/blockquote>\n<p style=\"text-align: justify;\">Herzlich willkommen auf La Palma, der <em>&#8220;isla bonita&#8221; <\/em>, zu gut Deutsch, der &#8220;sch\u00f6nen Insel&#8221;. Bereiten Sie Ihren Urlaub vor? M\u00f6chten Sie nach La Palma kommen und suchen Sie Informationen? Dann sind Sie hier genau richtig. Wir geben Ihnen gerne einen kurzen \u00dcberblick.<\/p>\n<p style=\"text-align: justify;\"><img loading=\"lazy\" decoding=\"async\" class=\"margin-right:10px; margin-bottom:10px; wp-image-2642 alignleft\" src=\"https:\/\/islabonita.com\/wp-content\/uploads\/2015\/08\/puertoTazacorte-islabonita.jpg\" alt=\"puertoTazacorte-islabonita\" width=\"400\" height=\"268\" \/>La Palma ist die nordwestlichste der Kanaren und gerade mal 708 km\u00b2 gro\u00df. Die Insel z\u00e4hlt gut 80.000 Einwohner. Uns Palmeros wird nachgesagt, nie Eile zu haben und freundlich und liebensw\u00fcrdig zu sein. Uns gef\u00e4llt diese Vorstellung, und wir versuchen, unserem Ruf gerecht zu werden. In der heutigen Zeit, in der alles schnell und &#8220;so umgehend wie geschwind&#8221; sein muss, gehen wir das Leben etwas ruhiger an, ohne Hast, aber gleichwohl zielstrebig. Wir bestimmen gerne &#8211; wenigstens ein bisschen &#8211; selbst \u00fcber unsere Zeit.<\/p>\n<p style=\"text-align: justify;\">Auf La Palma sind Kilometerangaben kein Ma\u00df f\u00fcr Entfernungen. Hier messen wir alles in Zeit. Die entscheidende Frage lautet: &#8220;Wie lange braucht man?&#8221;. Von Santa Cruz de La Palma an der Ostk\u00fcste bis nach Puerto de Tazacorte an der Westk\u00fcste braucht man mit dem Auto etwa 45 Minuten, und von Garaf\u00eda im hohen Norden bis nach Fuencaliente an der S\u00fcdspitze ungef\u00e4hr zweieinhalb Stunden. Das aber nat\u00fcrlich, ohne sich unterwegs in einem der zauberhaften Winkel &#8220;zu verlieren&#8221; oder von der Landschaft verf\u00fchren zu lassen, wie dies in der Regel den Urlaubern geschieht.<\/p>\n<p style=\"text-align: justify;\">Einer der Orte, der unsere Besucher am meisten interessiert, ist der Roque de Los Muchachos, denn hier, auf 2.426 Metern \u00fcber Meer, befindet sich eine der weltweit bedeutendsten Sternwarten. Gleichzeitig hat man von diesem h\u00f6chsten Punkt der Insel einen unvergleichlichen Blick in den Nationalpark Caldera de Taburiente.<\/p>\n<p style=\"text-align: justify;\">Wenn Sie La Palma besuchen, gibt es <strong>6 Dinge, die Sie nicht verpassen d\u00fcrfen <\/strong>:<\/p>\n<p style=\"text-align: justify; padding-left: 30px;\">\u2022\u00a0<strong>Eine Wanderung, <\/strong>und sei sie noch so kurz. Auf La Palma findet sich f\u00fcr jeden Geschmack etwas; nicht umsonst haben wir ein ausgeschildertes Wanderwegnetz von \u00fcber 1.000 Kilometern. Zu den bekanntesten und beliebtesten Touren z\u00e4hlen die durch den Nationalpark Caldera de Taburiente, die Vulkanroute, die Quellen Marcos und Cordero und der Lorbeerwald Los Tilos. Selbstverst\u00e4ndlich sind dies auch die l\u00e4ngsten Wanderungen!!!<\/p>\n<p style=\"text-align: justify; padding-left: 30px;\">\u2022\u00a0<strong>Eine Nacht unter Sternen. <\/strong>Die au\u00dfergew\u00f6hnliche Klarheit des Nachthimmels \u00fcber La Palma und das Gesetz zum Schutze des Himmels vor &#8220;Lichtverschmutzung&#8221; sind der Grund, weshalb viele L\u00e4nder auf der Insel Teleskope installiert haben. M\u00f6chten Sie mehr \u00fcber das Universum erfahren und mit einem tragbaren Teleskop Sterne beobachten?<\/p>\n<p style=\"text-align: justify; padding-left: 30px;\">\u2022\u00a0<strong>Ein Museumsbesuch. <\/strong>Museen und volkskundliche Zentren geben Ihnen einen Einblick in unsere Kultur. Es gibt viele verschiedene Museen: Arch\u00e4ologische P\u00e4rke Belmaco und La Zarza, Museum Casa Roja, T\u00f6pferei El Molino, Bananen-, Wein-, <em>Mojo- <\/em>oder Seidenmuseum &#8230;<\/p>\n<p style=\"text-align: justify; padding-left: 30px;\">\u2022\u00a0<strong>Ein Ausflug mit dem Auto, <\/strong>um die D\u00f6rfer und l\u00e4ndlichen Gebiete der Insel kennen zu lernen. Sie werden pittoreske Orte mit authentischem Charme entdecken.<\/p>\n<p style=\"text-align: justify; padding-left: 30px;\">\u2022\u00a0<strong>Ein n\u00e4chtlicher Spaziergang durch die Altstadt von Santa Cruz <\/strong>. Am besten am Wochenende, wenn etwas los ist. Wenn Sie Gl\u00fcck haben, spielt in einer der vielen Bars im &#8220;Bermudadreieck&#8221; eine lokale Gruppe kubanische Musik . La Palma ist eine ruhige, sichere Insel. Das gilt auch f\u00fcr die Inselhauptstadt, Santa Cruz de La Palma.<\/p>\n<p style=\"text-align: justify; padding-left: 30px;\">\u2022\u00a0<strong>Ein Strandtag <\/strong>. Auf La Palma gibt es viele kleine Buchten mit schwarzem Sand- oder Kieselstrand. Und wenn Sie den Norden der Insel besuchen, sollten Sie sich keinesfalls die in den Fels gehauenen Naturschwimmbecken La Fajana oder Charco Azul entgehen lassen.<\/p>\n\n<p style=\"text-align: justify;\">Wenn Sie all dies erledigt haben, ist es Zeit, sich einen <strong><em>Barraquito <\/em><\/strong>zu erlauben. Sie wissen nicht, was das ist?! Dann m\u00fcssen Sie diesen &#8220;verbesserten&#8221; Kaffee unbedingt in einer Bar bestellen!!!<\/p>\n<p style=\"text-align: justify;\">Nicht fehlen d\u00fcrfen in Ihrem Urlaubsprogramm zudem:<\/p>\n<p style=\"text-align: justify;\"><img loading=\"lazy\" decoding=\"async\" class=\"margin-right:10px; margin-bottom:10px; alignleft wp-image-2635\" src=\"https:\/\/islabonita.com\/wp-content\/uploads\/2015\/08\/lostilos-islabonita.jpg\" alt=\"lostilos-islabonita\" width=\"250\" height=\"373\" \/><\/p>\n<p style=\"text-align: justify; padding-left: 30px;\">\u2022\u00a0 Einen Sonnenaufgang auf dem Roque de Los Muchachos erleben,<\/p>\n<p style=\"text-align: justify; padding-left: 30px;\">\u2022\u00a0 Die Caldera de Taburiente, den Lorbeerwald Los Tilos, den Vulkan San Antonio und den Cubo de La Galga besuchen,<\/p>\n<p style=\"text-align: justify; padding-left: 30px;\">\u2022\u00a0 Einen Sonnenuntergang am Strand von Puerto de Tazacorte genie\u00dfen,<\/p>\n<p style=\"text-align: justify; padding-left: 30px;\">\u2022\u00a0 Frischen Fisch in der Casa Goyo schlemmen oder im Jard\u00edn de La Sal tafeln.<\/p>\n<p style=\"text-align: justify;\">Die Temperaturen sind auf La Palma in der Regel mild. Wie die von dichtem Gr\u00fcn \u00fcberzogenen Bergh\u00e4nge zeigen, kann es aber auch mal regnen. Es empfiehlt sich deshalb speziell im Winter auch w\u00e4rmere Kleidung einzupacken, zum Beispiel einen Pulli und eine Windjacke, die man je nach Tageszeit an- bzw. ausziehen kann.<\/p>\n<p style=\"text-align: justify;\">2002 wurde ganz La Palma von der UNESCO zum Biosph\u00e4renreservat erkl\u00e4rt. Ausschlaggebend f\u00fcr diesen Entscheid war in erster Linie die gro\u00dfe landschaftliche Vielfalt der Insel, denn hier trifft man buchst\u00e4blich hinter jeder Kurve auf eine andere Landschaft: Kahle Lavazungen schl\u00e4ngeln sich durch dichte Kiefernw\u00e4lder, kleine Buchten mit feinem schwarzem Sand unterbrechen die Steilk\u00fcsten, tiefe Schluchten zerkl\u00fcften die von Lorbeerwald \u00fcberzogenen Bergh\u00e4nge &#8230; und irgendwo unterwegs kreuzt eine Ziegenherde Ihren Weg.<\/p>\n<p style=\"text-align: justify;\">La Palma wurde 2006 als erster Ort der Welt zum &#8220;nachhaltigen Urlaubsziel&#8221; erkl\u00e4rt. Wir wollen, dass sich die Urlauber auf La Palma wie zu Hause f\u00fchlen, unsere Traditionen kennen lernen, mit uns feiern ( <em>Bajada de La Virgen<\/em>, Karneval, Kreuztag, Fronleichnam usw.) und vor allem hier einen unvergesslichen Urlaub verbringen. Dies hilft uns im Gegenzug, die Insel f\u00fcr zuk\u00fcnftige Generationen zu erhalten.<\/p>\n<p style=\"text-align: justify;\">Besuchen Sie die sch\u00f6ne Insel und lassen Sie sich von diesem speziellen Lebensgef\u00fchl verf\u00fchren, das schon viele Besucher gefangennahm.<\/p>\n<blockquote>\n<p style=\"text-align: justify;\"><em><strong>Erleben Sie La Palma hautnah!<\/strong><\/em><\/p>\n<\/blockquote>\n","protected":false},"excerpt":{"rendered":"<p>La Palma, &#8220;die sch\u00f6ne Insel&#8221; Herzlich willkommen auf La Palma, der &#8220;isla bonita&#8221; , zu gut Deutsch, der &#8220;sch\u00f6nen Insel&#8221;. Bereiten Sie Ihren Urlaub vor? M\u00f6chten Sie nach La Palma kommen und suchen Sie Informationen? Dann sind Sie hier genau richtig. Wir geben Ihnen gerne einen kurzen \u00dcberblick. La Palma ist die nordwestlichste der Kanaren [&hellip;]<\/p>\n","protected":false},"author":1,"featured_media":30769,"parent":0,"menu_order":0,"comment_status":"closed","ping_status":"closed","template":"","meta":{"footnotes":""},"rttpg_featured_image_url":{"full":["https:\/\/islabonita.com\/wp-content\/uploads\/2015\/08\/roquemuchachos.jpg",1024,614,false],"landscape":["https:\/\/islabonita.com\/wp-content\/uploads\/2015\/08\/roquemuchachos.jpg",1024,614,false],"portraits":["https:\/\/islabonita.com\/wp-content\/uploads\/2015\/08\/roquemuchachos.jpg",1024,614,false],"thumbnail":["https:\/\/islabonita.com\/wp-content\/uploads\/2015\/08\/roquemuchachos-400x300.jpg",400,300,true],"medium":["https:\/\/islabonita.com\/wp-content\/uploads\/2015\/08\/roquemuchachos-300x180.jpg",300,180,true],"medium_large":["https:\/\/islabonita.com\/wp-content\/uploads\/2015\/08\/roquemuchachos-768x461.jpg",768,461,true],"large":["https:\/\/islabonita.com\/wp-content\/uploads\/2015\/08\/roquemuchachos-1024x614.jpg",850,510,true],"1536x1536":["https:\/\/islabonita.com\/wp-content\/uploads\/2015\/08\/roquemuchachos.jpg",1024,614,false],"2048x2048":["https:\/\/islabonita.com\/wp-content\/uploads\/2015\/08\/roquemuchachos.jpg",1024,614,false],"byt-featured":["https:\/\/islabonita.com\/wp-content\/uploads\/2015\/08\/roquemuchachos.jpg",1001,600,false],"portada":["https:\/\/islabonita.com\/wp-content\/uploads\/2015\/08\/roquemuchachos-337x202.jpg",337,202,true],"miniatura-casa":["https:\/\/islabonita.com\/wp-content\/uploads\/2015\/08\/roquemuchachos-400x300.jpg",400,300,true]},"rttpg_author":{"display_name":"Isla Bonita","author_link":"https:\/\/islabonita.com\/de\/author\/admin\/"},"rttpg_comment":0,"rttpg_category":" <a href=\"https:\/\/islabonita.com\/de\/?taxonomy=translation_priority&#038;term=optional-de\" rel=\"tag\">Optional<\/a>","rttpg_excerpt":"La Palma, &#8220;die sch\u00f6ne Insel&#8221; Herzlich willkommen auf La Palma, der &#8220;isla bonita&#8221; , zu gut Deutsch, der &#8220;sch\u00f6nen Insel&#8221;. Bereiten Sie Ihren Urlaub vor? M\u00f6chten Sie nach La Palma kommen und suchen Sie Informationen? Dann sind Sie hier genau richtig. Wir geben Ihnen gerne einen kurzen \u00dcberblick. La Palma ist die nordwestlichste der Kanaren&hellip;","_links":{"self":[{"href":"https:\/\/islabonita.com\/de\/wp-json\/wp\/v2\/pages\/334"}],"collection":[{"href":"https:\/\/islabonita.com\/de\/wp-json\/wp\/v2\/pages"}],"about":[{"href":"https:\/\/islabonita.com\/de\/wp-json\/wp\/v2\/types\/page"}],"author":[{"embeddable":true,"href":"https:\/\/islabonita.com\/de\/wp-json\/wp\/v2\/users\/1"}],"replies":[{"embeddable":true,"href":"https:\/\/islabonita.com\/de\/wp-json\/wp\/v2\/comments?post=334"}],"version-history":[{"count":0,"href":"https:\/\/islabonita.com\/de\/wp-json\/wp\/v2\/pages\/334\/revisions"}],"wp:featuredmedia":[{"embeddable":true,"href":"https:\/\/islabonita.com\/de\/wp-json\/wp\/v2\/media\/30769"}],"wp:attachment":[{"href":"https:\/\/islabonita.com\/de\/wp-json\/wp\/v2\/media?parent=334"}],"curies":[{"name":"wp","href":"https:\/\/api.w.org\/{rel}","templated":true}]}}