{"id":1445,"date":"2015-08-10T09:33:28","date_gmt":"2015-08-10T09:33:28","guid":{"rendered":"https:\/\/islabonita.com\/de\/?page_id=1445"},"modified":"2016-01-05T09:16:01","modified_gmt":"2016-01-05T09:16:01","slug":"preise-und-auszeichnungen","status":"publish","type":"page","link":"https:\/\/islabonita.com\/de\/preise-und-auszeichnungen\/","title":{"rendered":"Preise und Auszeichnungen"},"content":{"rendered":"<h1 style=\"text-align: center;\">Verleihung des Qualit\u00e4tssiegels &#8220;Q&#8221;<\/h1>\n<p><img loading=\"lazy\" decoding=\"async\" class=\"aligncenter wp-image-359 size-full\" src=\"https:\/\/islabonita.com\/wp-content\/uploads\/2015\/08\/EntregaQdeCalidad.jpg\" alt=\"Entrega de la Q de Calidad 2012, La Palma\" width=\"500\" height=\"417\" \/><\/p>\n<p style=\"text-align: center;\">Entrega de los certificados de Renovaci\u00f3n de Q de Calidad de Canarias. (Madrid, Fitur, 20 de enero de 2012). Medienpr\u00e4sentation der Zertifikate<br \/>\nSanta Cruz de La Palma, Palacio Salazar, 5. M\u00e4rz 2004<\/p>\n<h1 style=\"text-align: center;\"><\/h1>\n<h1 style=\"text-align: center;\"><strong class=\"titular16px\">Zertifikate Biosphere House 2006 <\/strong><\/h1>\n<h2 style=\"text-align: center;\"><strong class=\"titular16px\"><img loading=\"lazy\" decoding=\"async\" class=\"aligncenter size-full wp-image-362\" src=\"https:\/\/islabonita.com\/wp-content\/uploads\/2015\/08\/Certificados-Biosphere-House-2006-.jpg\" alt=\"Certificados-Biosphere-House-2006-\" width=\"500\" height=\"180\" \/><\/strong><\/h2>\n<p style=\"text-align: center;\">Santa Cruz de La Palma, Palacio Salazar , 18. Dezember 2006<\/p>\n<h2 style=\"text-align: center;\"><\/h2>\n<h1 style=\"text-align: center;\"><strong class=\"titular16px\">1. Preis f\u00fcr ein nachhaltiges Management 2005<\/strong><\/h1>\n<p><img loading=\"lazy\" decoding=\"async\" class=\"aligncenter size-full wp-image-365\" src=\"https:\/\/islabonita.com\/wp-content\/uploads\/2015\/08\/810005d941de9757e654939367350909.jpg\" alt=\"Primer-Premio-Gesti\u00f3n-Sostenible-2005\" width=\"500\" height=\"318\" \/><\/p>\n<p style=\"text-align: center;\">Konsortium des Biosph\u00e4renreservats La Palma.<br \/>\nIndustrie-, Handels- und Schifffahrtskammer der Provinz Santa Cruz de Tenerife.<br \/>\nDelegation der Insel La Palma.<\/p>\n<h1 style=\"text-align: center;\"><strong class=\"titular16px\">Auszeichnung Red Entorno: Umweltbewusstes Unternehmen 2001<\/strong><\/h1>\n<p><img loading=\"lazy\" decoding=\"async\" class=\"aligncenter size-full wp-image-368\" src=\"https:\/\/islabonita.com\/wp-content\/uploads\/2015\/08\/certificado-red_entor_2001_.jpg\" alt=\"certificado-red_entor_2001_\" width=\"250\" height=\"176\" \/><\/p>\n<p style=\"text-align: center;\">Stiftung Fundaci\u00f3n Entorno. Unternehmen und Umwelt. Madrid.<\/p>\n<h1 style=\"text-align: center;\"><strong class=\"titular16px\">Auszeichnung Distinguidos del Turismo 1999 <\/strong><\/h1>\n<p><img loading=\"lazy\" decoding=\"async\" class=\"aligncenter size-full wp-image-369\" src=\"https:\/\/islabonita.com\/wp-content\/uploads\/2015\/08\/dist-turism-contr-calidad-9.jpg\" alt=\"dist-turism-contr-calidad-9\" width=\"200\" height=\"267\" \/><\/p>\n<p style=\"text-align: center;\">Preise La Palma. Beitrag zur Qualit\u00e4t<br \/>\nZentrum f\u00fcr touristische Initiativen der Insel. Santa Cruz de La Palma<\/p>\n<h1 style=\"text-align: center;\"><\/h1>\n<h1 style=\"text-align: center;\"><strong class=\"titular16px\">Preis Idafe La Palma 1996<\/strong><\/h1>\n<p><img loading=\"lazy\" decoding=\"async\" class=\"aligncenter size-full wp-image-370\" src=\"https:\/\/islabonita.com\/wp-content\/uploads\/2015\/08\/premios_idafe_1996.jpg\" alt=\"premios_idafe_1996\" width=\"200\" height=\"150\" \/><\/p>\n<p style=\"text-align: center;\">Beste soziale Initiative &#8211; La Palma Difusi\u00f3n. Radio Cadena SER<\/p>\n<h1 style=\"text-align: center;\"><\/h1>\n<h1 style=\"text-align: center;\"><strong class=\"titular16px\">Preis Importantes del Turismo de Canarias 1995<\/strong><\/h1>\n<p><img loading=\"lazy\" decoding=\"async\" class=\"aligncenter size-full wp-image-371\" src=\"https:\/\/islabonita.com\/wp-content\/uploads\/2015\/08\/medallas.jpg\" alt=\"medallas\" width=\"408\" height=\"153\" \/><\/p>\n<p style=\"text-align: center;\">Silbermedaille &#8211; Regionalregierung der Kanaren<\/p>\n<p>&nbsp;<\/p>\n<p style=\"text-align: center;\">\n","protected":false},"excerpt":{"rendered":"<p>Verleihung des Qualit\u00e4tssiegels &#8220;Q&#8221; Entrega de los certificados de Renovaci\u00f3n de Q de Calidad de Canarias. (Madrid, Fitur, 20 de enero de 2012). Medienpr\u00e4sentation der Zertifikate Santa Cruz de La Palma, Palacio Salazar, 5. M\u00e4rz 2004 Zertifikate Biosphere House 2006 Santa Cruz de La Palma, Palacio Salazar , 18. Dezember 2006 1. Preis f\u00fcr ein [&hellip;]<\/p>\n","protected":false},"author":1,"featured_media":30766,"parent":0,"menu_order":0,"comment_status":"closed","ping_status":"closed","template":"","meta":{"footnotes":""},"rttpg_featured_image_url":{"full":["https:\/\/islabonita.com\/wp-content\/uploads\/premios_turismo_islas_canarias_2017.jpg",800,492,false],"landscape":["https:\/\/islabonita.com\/wp-content\/uploads\/premios_turismo_islas_canarias_2017.jpg",800,492,false],"portraits":["https:\/\/islabonita.com\/wp-content\/uploads\/premios_turismo_islas_canarias_2017.jpg",800,492,false],"thumbnail":["https:\/\/islabonita.com\/wp-content\/uploads\/premios_turismo_islas_canarias_2017-400x300.jpg",400,300,true],"medium":["https:\/\/islabonita.com\/wp-content\/uploads\/premios_turismo_islas_canarias_2017-300x185.jpg",300,185,true],"medium_large":["https:\/\/islabonita.com\/wp-content\/uploads\/premios_turismo_islas_canarias_2017-768x472.jpg",768,472,true],"large":["https:\/\/islabonita.com\/wp-content\/uploads\/premios_turismo_islas_canarias_2017.jpg",800,492,false],"1536x1536":["https:\/\/islabonita.com\/wp-content\/uploads\/premios_turismo_islas_canarias_2017.jpg",800,492,false],"2048x2048":["https:\/\/islabonita.com\/wp-content\/uploads\/premios_turismo_islas_canarias_2017.jpg",800,492,false],"byt-featured":["https:\/\/islabonita.com\/wp-content\/uploads\/premios_turismo_islas_canarias_2017.jpg",800,492,false],"portada":["https:\/\/islabonita.com\/wp-content\/uploads\/premios_turismo_islas_canarias_2017-337x207.jpg",337,207,true],"miniatura-casa":["https:\/\/islabonita.com\/wp-content\/uploads\/premios_turismo_islas_canarias_2017-400x300.jpg",400,300,true]},"rttpg_author":{"display_name":"Isla Bonita","author_link":"https:\/\/islabonita.com\/de\/author\/admin\/"},"rttpg_comment":0,"rttpg_category":" <a href=\"https:\/\/islabonita.com\/de\/?taxonomy=translation_priority&#038;term=optional-de\" rel=\"tag\">Optional<\/a>","rttpg_excerpt":"Verleihung des Qualit\u00e4tssiegels &#8220;Q&#8221; Entrega de los certificados de Renovaci\u00f3n de Q de Calidad de Canarias. (Madrid, Fitur, 20 de enero de 2012). Medienpr\u00e4sentation der Zertifikate Santa Cruz de La Palma, Palacio Salazar, 5. M\u00e4rz 2004 Zertifikate Biosphere House 2006 Santa Cruz de La Palma, Palacio Salazar , 18. Dezember 2006 1. Preis f\u00fcr ein&hellip;","_links":{"self":[{"href":"https:\/\/islabonita.com\/de\/wp-json\/wp\/v2\/pages\/1445"}],"collection":[{"href":"https:\/\/islabonita.com\/de\/wp-json\/wp\/v2\/pages"}],"about":[{"href":"https:\/\/islabonita.com\/de\/wp-json\/wp\/v2\/types\/page"}],"author":[{"embeddable":true,"href":"https:\/\/islabonita.com\/de\/wp-json\/wp\/v2\/users\/1"}],"replies":[{"embeddable":true,"href":"https:\/\/islabonita.com\/de\/wp-json\/wp\/v2\/comments?post=1445"}],"version-history":[{"count":0,"href":"https:\/\/islabonita.com\/de\/wp-json\/wp\/v2\/pages\/1445\/revisions"}],"wp:featuredmedia":[{"embeddable":true,"href":"https:\/\/islabonita.com\/de\/wp-json\/wp\/v2\/media\/30766"}],"wp:attachment":[{"href":"https:\/\/islabonita.com\/de\/wp-json\/wp\/v2\/media?parent=1445"}],"curies":[{"name":"wp","href":"https:\/\/api.w.org\/{rel}","templated":true}]}}