{"id":1437,"date":"2015-08-10T10:25:55","date_gmt":"2015-08-10T10:25:55","guid":{"rendered":"https:\/\/islabonita.com\/de\/?page_id=1437"},"modified":"2016-02-18T08:50:40","modified_gmt":"2016-02-18T08:50:40","slug":"ueber-uns","status":"publish","type":"page","link":"https:\/\/islabonita.com\/de\/ueber-uns\/","title":{"rendered":"\u00dcber uns"},"content":{"rendered":"<p align=\"justify\">Seit 1992 bietet <em>&#8220;Turismo Rural Isla Bonita&#8221; <\/em>auf La Palma Urlaub in typisch kanarischen Landh\u00e4usern an und setzt sich aktiv f\u00fcr die F\u00f6rderung des l\u00e4ndlichen Tourismus und weiterer neuer touristischer Produkte auf der Insel ein.<em>&#8220;Turismo Rural Isla Bonita&#8221; <\/em>ist eine palmerische Vereinigung. Ihr geh\u00f6ren rund hundert Landhausbesitzer an, daneben aber auch kleine Vereinigungen und Unternehmen sowie Tourismusfachleute und Spezialisten f\u00fcr die Entwicklung l\u00e4ndlicher Gebiete.<\/p>\n<p align=\"justify\"><img loading=\"lazy\" decoding=\"async\" class=\"padding-left:10px; padding-bottom:10px; alignleft wp-image-374\" src=\"https:\/\/islabonita.com\/wp-content\/uploads\/2015\/08\/grupoislabonita.jpg\" alt=\"grupoislabonita\" width=\"225\" height=\"300\" \/>In den 20 Jahren ihres Bestehens hat die Vereinigung zahlreiche Projekte und Initiativen verwirklicht. Hierzu z\u00e4hlen neben Werbema\u00dfnahmen f\u00fcr Unterk\u00fcnfte und andere touristische Ressourcen auf dem Lande auch Weiterbildungsangebote f\u00fcr Hausbesitzer, die Verwaltung von Museen und Sehensw\u00fcrdigkeiten, die Einf\u00fchrung von Qualit\u00e4tssystemen ( <em>&#8220;Q de calidad&#8221; <\/em>oder <em>&#8220;Biosphere House&#8221; <\/em>), die Lancierung neuer Produkte (Sternen- oder Weintourismus), Marktstudien, Tourismus- und Entwicklungsprojekte in Zusammenarbeit mit anderen Regionen und L\u00e4ndern usw. All dies aus \u00dcberzeugung, auf gemeinn\u00fctziger Basis, zur F\u00f6rderung der nat\u00fcrlichen und kulturellen Werte der Insel La Palma und als Dienstleistung &#8211; f\u00fcr die Mitglieder des Vereins und f\u00fcr alle, die unsere Insel besuchen, ihren Urlaub in einem der Landh\u00e4user verbringen, an Aktivit\u00e4ten teilnehmen oder die Museen besuchen.<\/p>\n<p align=\"justify\">Die Vereinigung hat sich die Erhaltung der Umwelt, die verantwortungsvolle Nutzung der nat\u00fcrlichen Ressourcen und die F\u00f6rderung gangbarer, sozial vertr\u00e4glicher touristischer Initiativen zum Ziel gesetzt. Sie will damit einen Beitrag zu einem gr\u00f6\u00dferen territorialen Zusammenhalt und zu einer gr\u00f6\u00dferen Solidarit\u00e4t innerhalb der Bev\u00f6lkerung der Insel leisten.<\/p>\n<p align=\"justify\">Unter dem Namen <em>&#8220;Turismo Rural Isla Bonita&#8221; <\/em>bieten wir eine breite Palette an Landh\u00e4usern in nat\u00fcrlicher oder l\u00e4ndlicher Umgebung an. Natur und Landschaft sind zum Greifen nah und lassen sich auch auf kurzen Spazierg\u00e4ngen, l\u00e4ngeren Wanderungen, mit dem Mountainbike oder auf andere Art aktiv erleben. Die Landh\u00e4user in unserem Angebot wurden aufgrund ihrer ruhigen, ungest\u00f6rten Lage ausgew\u00e4hlt. Es handelt sich durchwegs um alte, renovierte, gut erhaltene und zu gem\u00fctlichen und bequemen Unterk\u00fcnften ausgebaute Landh\u00e4user, die ein H\u00f6chstma\u00df an Privatsph\u00e4re garantieren.<\/p>\n<p align=\"justify\">Dies sind unsere Landh\u00e4user (zur Liste der H\u00e4user). Wir hoffen, dass sie Ihnen gefallen werden.<\/p>\n<p align=\"justify\">Die Vereinigung hat eine eigene Buchungszentrale ( <a href=\"mailto:reservas@islabonita.es\" target=\"_blank\">reservas@islabonita.es <\/a>&#8211; +34 922 430 625), welche sich darum k\u00fcmmert, dass Kunden und Hausbesitzer die f\u00fcr die jeweilige Buchung notwendige Information haben, und gleichzeitig daf\u00fcr sorgt, dass die Hausbesitzer bei Bedarf schnell reagieren. Hier, in der Buchungszentrale, sitzen Laura und Ana, die Ihnen gerne bei der Suche Ihres idealen Ferienhauses auf dem Lande behilflich sind. Laura spricht auch Deutsch. Sie m\u00fcssen lediglich wissen, was Sie von Ihrem Traumhaus erwarten, wann Sie nach La Palma reisen m\u00f6chten, und wie viele Personen Sie sein werden. Anhand dieser Informationen, k\u00f6nnen wir Ihnen H\u00e4user und Gebiete empfehlen, die Ihren Kriterien entsprechen, und dabei Details in Betracht ziehen, die auf unserer Website nicht zu finden sind. Wir freuen uns auf Ihre E-Mail oder Ihren Anruf!<\/p>\n","protected":false},"excerpt":{"rendered":"<p>Seit 1992 bietet &#8220;Turismo Rural Isla Bonita&#8221; auf La Palma Urlaub in typisch kanarischen Landh\u00e4usern an und setzt sich aktiv f\u00fcr die F\u00f6rderung des l\u00e4ndlichen Tourismus und weiterer neuer touristischer Produkte auf der Insel ein.&#8220;Turismo Rural Isla Bonita&#8221; ist eine palmerische Vereinigung. Ihr geh\u00f6ren rund hundert Landhausbesitzer an, daneben aber auch kleine Vereinigungen und Unternehmen [&hellip;]<\/p>\n","protected":false},"author":1,"featured_media":0,"parent":0,"menu_order":0,"comment_status":"open","ping_status":"open","template":"","meta":{"footnotes":""},"rttpg_featured_image_url":null,"rttpg_author":{"display_name":"Isla Bonita","author_link":"https:\/\/islabonita.com\/de\/author\/admin\/"},"rttpg_comment":0,"rttpg_category":" <a href=\"https:\/\/islabonita.com\/de\/?taxonomy=translation_priority&#038;term=optional-de\" rel=\"tag\">Optional<\/a>","rttpg_excerpt":"Seit 1992 bietet &#8220;Turismo Rural Isla Bonita&#8221; auf La Palma Urlaub in typisch kanarischen Landh\u00e4usern an und setzt sich aktiv f\u00fcr die F\u00f6rderung des l\u00e4ndlichen Tourismus und weiterer neuer touristischer Produkte auf der Insel ein.&#8220;Turismo Rural Isla Bonita&#8221; ist eine palmerische Vereinigung. Ihr geh\u00f6ren rund hundert Landhausbesitzer an, daneben aber auch kleine Vereinigungen und Unternehmen&hellip;","_links":{"self":[{"href":"https:\/\/islabonita.com\/de\/wp-json\/wp\/v2\/pages\/1437"}],"collection":[{"href":"https:\/\/islabonita.com\/de\/wp-json\/wp\/v2\/pages"}],"about":[{"href":"https:\/\/islabonita.com\/de\/wp-json\/wp\/v2\/types\/page"}],"author":[{"embeddable":true,"href":"https:\/\/islabonita.com\/de\/wp-json\/wp\/v2\/users\/1"}],"replies":[{"embeddable":true,"href":"https:\/\/islabonita.com\/de\/wp-json\/wp\/v2\/comments?post=1437"}],"version-history":[{"count":0,"href":"https:\/\/islabonita.com\/de\/wp-json\/wp\/v2\/pages\/1437\/revisions"}],"wp:attachment":[{"href":"https:\/\/islabonita.com\/de\/wp-json\/wp\/v2\/media?parent=1437"}],"curies":[{"name":"wp","href":"https:\/\/api.w.org\/{rel}","templated":true}]}}