{"id":1422,"date":"2015-08-10T09:21:55","date_gmt":"2015-08-10T09:21:55","guid":{"rendered":"https:\/\/islabonita.com\/de\/?page_id=1422"},"modified":"2018-06-18T11:31:42","modified_gmt":"2018-06-18T11:31:42","slug":"qualitaetssiegel","status":"publish","type":"page","link":"https:\/\/islabonita.com\/de\/qualitaetssiegel\/","title":{"rendered":"Qualit\u00e4tssiegel"},"content":{"rendered":"<h3 style=\"text-align: justify;\"><span class=\"titular16px\">Zertifikat Biospherehouse<\/span><\/h3>\n<p style=\"text-align: justify;\"><img loading=\"lazy\" decoding=\"async\" class=\"padding-left: 10px; alignleft wp-image-340 size-full\" src=\"https:\/\/islabonita.com\/wp-content\/uploads\/2015\/08\/6c360e7871d8e53a26bc4b1c54ad00b2.gif\" alt=\"Certificaci\u00f3n Biospherehouse\" width=\"100\" height=\"98\" \/>Mit dem Qualit\u00e4tssiegel <strong>&#8220;Biosphere House&#8221; <\/strong>ausgezeichnete H\u00e4user sind abgelegene Landh\u00e4user, die zur Touristenunterkunft renoviert oder umgebaut wurden, ohne dadurch ihren traditionellen Charakter verloren zu haben. Das Spanische Institut f\u00fcr einen verantwortlichen Tourismus (ITR) attestiert mit dieser Auszeichnung den betreffenden Ferienh\u00e4usern nicht nur ein ausgepr\u00e4gtes Verantwortungsbewusstsein gegen\u00fcber der Umwelt und den Kultursch\u00e4tzen, sondern zeichnet dadurch auch die Qualit\u00e4t eines Angebots aus, das in Einklang mit seiner l\u00e4ndlichen Umgebung steht und sich optimal in die nat\u00fcrliche Umwelt integriert.<br \/>\n<a href=\"https:\/\/www.biospheretourism.com\/en\" target=\"_blank\" rel=\"noopener nofollow\">+ mehr Info (Englisch)<\/a><\/p>\n<h3 style=\"text-align: justify;\"><\/h3>\n<h3 style=\"text-align: justify;\">Volcanic Experience<\/h3>\n<h4 style=\"text-align: justify;\"><img loading=\"lazy\" decoding=\"async\" class=\"padding-left:10px; padding-bottom:10px; alignleft wp-image-343\" src=\"https:\/\/islabonita.com\/wp-content\/uploads\/2015\/08\/volcanic_experience_g.jpg\" alt=\"volcanic_experience_g\" width=\"100\" height=\"99\" \/><\/h4>\n<h4 style=\"text-align: justify;\">Was ist Islas Canarias Volcanic Experience?<\/h4>\n<p style=\"text-align: justify;\">Die vulkanische Vielfalt der Kanarischen Inseln ist nachgewiesene Realit\u00e4t und kennzeichnend f\u00fcr jede einzelne der Inseln. Zus\u00e4tzlich und im Zusammenhang mit ihren Vulkanen existiert hier eine einzigartige Welt der Gastronomie, der Kulturlandschaften, des Weinanbaus, der Wandernetzwege, der l\u00e4ndlichen Unterk\u00fcnfte sowie ein au\u00dfergew\u00f6hnliches Freizeitangebot unter freiem Himmel wie zum Beispiel die Beobachtung der Sterne, die an dem besonders klaren kanarischen Firmament leuchten.<\/p>\n<p style=\"text-align: justify;\">Islas Canarias Volcanic Experience ist das Qualit\u00e4tssiegel, das die Inseln als ein privilegiertes Urlaubsgebiet ausweist, in dem die einzigartige Natur und Lebensform nachhaltig und verantwortungsbewusst gegen\u00fcber der Umwelt und der lokalen Gemeinschaften genossen werden kann.<\/p>\n<p style=\"text-align: justify;\">Islas Canarias Volcanic Experience garantiert die Qualit\u00e4t der angebotenen touristischen Dienstleistungen, die dir bei deinem Aktiv- und naturbezogenen Urlaub angeboten werden. Das Siegel verpflichtet die angeschlossenen Hotels, l\u00e4ndlichen Unterk\u00fcnfte, Herbergen, Restaurants, Freizeiteinrichtungen, Museen und Parks der Inseln zu bester Qualit\u00e4t. Ebenso wie du glauben unsere Einrichtungen daran, dass Urlaub ebenso unterhaltsam wie umweltvertr\u00e4glich sein muss.<\/p>\n<p>&nbsp;<\/p>\n<h3 style=\"text-align: justify;\">Starlight Certification<\/h3>\n<p align=\"justify\"><img loading=\"lazy\" decoding=\"async\" class=\"padding-left:10px; padding-bottom:10px; alignleft wp-image-342\" src=\"https:\/\/islabonita.com\/wp-content\/uploads\/2015\/08\/Starlight_g.jpg\" alt=\"Starlight_g\" width=\"100\" height=\"99\" \/>Starlight Certification for Rural Hotels and Houses is a qualification awarded by the Starlight Foundation to those establishments which, as well as offering accredited quality accommodation, also become involved as active agents in the promotion of the values contained in the \u201cDeclaration in Defense of the Night Sky and the Right to Starlight\u201d (\u201cLa Palma Declaration\u201d) and which provide their customers with information about Starlight as well as means and instruments for astronomical observation.<\/p>\n<p align=\"justify\">\n","protected":false},"excerpt":{"rendered":"<p>Zertifikat Biospherehouse Mit dem Qualit\u00e4tssiegel &#8220;Biosphere House&#8221; ausgezeichnete H\u00e4user sind abgelegene Landh\u00e4user, die zur Touristenunterkunft renoviert oder umgebaut wurden, ohne dadurch ihren traditionellen Charakter verloren zu haben. Das Spanische Institut f\u00fcr einen verantwortlichen Tourismus (ITR) attestiert mit dieser Auszeichnung den betreffenden Ferienh\u00e4usern nicht nur ein ausgepr\u00e4gtes Verantwortungsbewusstsein gegen\u00fcber der Umwelt und den Kultursch\u00e4tzen, sondern zeichnet [&hellip;]<\/p>\n","protected":false},"author":1,"featured_media":0,"parent":0,"menu_order":0,"comment_status":"open","ping_status":"open","template":"","meta":{"footnotes":""},"rttpg_featured_image_url":null,"rttpg_author":{"display_name":"Isla Bonita","author_link":"https:\/\/islabonita.com\/de\/author\/admin\/"},"rttpg_comment":0,"rttpg_category":false,"rttpg_excerpt":"Zertifikat Biospherehouse Mit dem Qualit\u00e4tssiegel &#8220;Biosphere House&#8221; ausgezeichnete H\u00e4user sind abgelegene Landh\u00e4user, die zur Touristenunterkunft renoviert oder umgebaut wurden, ohne dadurch ihren traditionellen Charakter verloren zu haben. Das Spanische Institut f\u00fcr einen verantwortlichen Tourismus (ITR) attestiert mit dieser Auszeichnung den betreffenden Ferienh\u00e4usern nicht nur ein ausgepr\u00e4gtes Verantwortungsbewusstsein gegen\u00fcber der Umwelt und den Kultursch\u00e4tzen, sondern zeichnet&hellip;","_links":{"self":[{"href":"https:\/\/islabonita.com\/de\/wp-json\/wp\/v2\/pages\/1422"}],"collection":[{"href":"https:\/\/islabonita.com\/de\/wp-json\/wp\/v2\/pages"}],"about":[{"href":"https:\/\/islabonita.com\/de\/wp-json\/wp\/v2\/types\/page"}],"author":[{"embeddable":true,"href":"https:\/\/islabonita.com\/de\/wp-json\/wp\/v2\/users\/1"}],"replies":[{"embeddable":true,"href":"https:\/\/islabonita.com\/de\/wp-json\/wp\/v2\/comments?post=1422"}],"version-history":[{"count":0,"href":"https:\/\/islabonita.com\/de\/wp-json\/wp\/v2\/pages\/1422\/revisions"}],"wp:attachment":[{"href":"https:\/\/islabonita.com\/de\/wp-json\/wp\/v2\/media?parent=1422"}],"curies":[{"name":"wp","href":"https:\/\/api.w.org\/{rel}","templated":true}]}}