{"id":12623,"date":"2019-06-18T11:54:29","date_gmt":"2019-06-18T11:54:29","guid":{"rendered":"https:\/\/islabonita.com\/inicio-isla-bonita\/"},"modified":"2024-11-20T10:08:36","modified_gmt":"2024-11-20T10:08:36","slug":"inicio-isla-bonita","status":"publish","type":"page","link":"https:\/\/islabonita.com\/de\/","title":{"rendered":"Start"},"content":{"rendered":"<h2 style=\"margint-top: 50px;\"><strong>Ferienh\u00e4user auf La Palma<\/strong><\/h2>\n<h4 style=\"text-align: justify; margin-bottom: 50px;\">Auf La Palma (Kanarische Inseln) die Natur, die Ruhe und das Meer zu genie\u00dfen, zu wandern oder die Sterne zu beobachten, sind einige der M\u00f6glichkeiten, die Ihnen die Vereinigung \u201eAsociaci\u00f3n de Turismo Rural Isla Bonita\u201c bietet. Das Angebot an Ferienh\u00e4user auf La Palma ist gro\u00df. Mit Sicherheit gibt es eines, das genau das richtige f\u00fcr Sie ist. Besuchen Sie uns und genie\u00dfen Sie Ihren Urlaub in einem Ferienhaus auf den Kanaren.<\/h4>\n<p><strong><!-- MISTERPLAN PLUGIN 1.1.41-->\n<!-- MISTERPLAN PLUGIN MOTOR TIPO 3 DESTINO 3631 PV 2677-->\n<div class=\"MrPlanPlugin_BuscadorContainer\">\n        <div class=\"MrPlanPlugin_Buscador\" id=\"MrPlanPlugin_Buscador\">\n        <div id=\"TSh_TSearch_ParentDiv_3631_2677\" class=\"MrPlanPlugin_Buscador_Capa TTaq_texto_base\" capaMapa=\"SEn_Mapa_capaPadre_3631_2677\">\n            <script nowprocket id=\"TSh_parent_script_3631_2677\" name=\"TSh_parent_script_3631_2677\" src=\"https:\/\/mrplan.io\/scr\/modulos\/TSearch\/lib\/TSearchInc.php?\nWdgControl=TSh_parent_script_3631_2677\n&id_punto_venta=2677\n&id_operador=3631\n&id_oficina=undefined\n&id_idioma=5\n&capa_search=TSh_TSearch_ParentDiv_3631_2677\n&capa_resultados=TSh_TSearch_ResultsDiv_3631_2677\n&autoSearch=\n&v_results=2\n&modo_widget=2\n&v_form=10\n&tipo_buscador=1\n&disableUbicacion=1\n&disableCodAgencia=1\n&no_bootstrap=0\n&TSn_localidad_comarca=8|0\n&filtroDiscountCode=\n&codificacion_results=ISO-8859-1\n&activarSelectorTipo=1        \n&TEwsScrollToResults=1\n&landing_buscador=https:\/\/islabonita.com\/turismo-rural-en-la-palma\/\n&forzar_landing_ficha=https:\/\/islabonita.com\/turismo-rural-en-la-palma\/\n&source_plugin=MrPlanPlugin\n&web_plugin=https%3A%2F%2Fislabonita.com%2Fde%2F\"><\/script>\n\n            <div class=\"TMrPlanPlugin_Loading\">\n                <img decoding=\"async\" src=\"https:\/\/islabonita.com\/wp-content\/plugins\/misterplan\/assets\/images\/loading.svg\">\n            <\/div>\n        <\/div>\n    <\/div>\n        <div id=\"SEn_Mapa_capaPadre_3631_2677\" style=\"margin-bottom: 40px; width: 100%; height: 450px; display: none;\">Loading Map ....<\/div>\n<\/div>\n\n\n<div class=\"MrPlanPlugin_BuscadorContainer\">\n        <div class=\"MrPlanPlugin_BuscadorResultados\" style=\"\">    \n        <div id=\"TSh_TSearch_ResultsDiv_3631_2677\" class=\"TTaq_texto_base TSearch_bmd\">\n        <\/div>\n    <\/div>\n    <\/div>\n<\/strong><\/p>\n","protected":false},"excerpt":{"rendered":"<p>Ferienh\u00e4user auf La Palma Auf La Palma (Kanarische Inseln) die Natur, die Ruhe und das Meer zu genie\u00dfen, zu wandern oder die Sterne zu beobachten, sind einige der M\u00f6glichkeiten, die Ihnen die Vereinigung \u201eAsociaci\u00f3n de Turismo Rural Isla Bonita\u201c bietet. Das Angebot an Ferienh\u00e4user auf La Palma ist gro\u00df. Mit Sicherheit gibt es eines, das [&hellip;]<\/p>\n","protected":false},"author":1,"featured_media":0,"parent":0,"menu_order":0,"comment_status":"closed","ping_status":"closed","template":"page-accommodation-list.php","meta":{"footnotes":""},"rttpg_featured_image_url":null,"rttpg_author":{"display_name":"Isla Bonita","author_link":"https:\/\/islabonita.com\/de\/author\/admin\/"},"rttpg_comment":0,"rttpg_category":" <a href=\"https:\/\/islabonita.com\/de\/?taxonomy=translation_priority&#038;term=optional-de\" rel=\"tag\">Optional<\/a>","rttpg_excerpt":"Ferienh\u00e4user auf La Palma Auf La Palma (Kanarische Inseln) die Natur, die Ruhe und das Meer zu genie\u00dfen, zu wandern oder die Sterne zu beobachten, sind einige der M\u00f6glichkeiten, die Ihnen die Vereinigung \u201eAsociaci\u00f3n de Turismo Rural Isla Bonita\u201c bietet. Das Angebot an Ferienh\u00e4user auf La Palma ist gro\u00df. Mit Sicherheit gibt es eines, das&hellip;","_links":{"self":[{"href":"https:\/\/islabonita.com\/de\/wp-json\/wp\/v2\/pages\/12623"}],"collection":[{"href":"https:\/\/islabonita.com\/de\/wp-json\/wp\/v2\/pages"}],"about":[{"href":"https:\/\/islabonita.com\/de\/wp-json\/wp\/v2\/types\/page"}],"author":[{"embeddable":true,"href":"https:\/\/islabonita.com\/de\/wp-json\/wp\/v2\/users\/1"}],"replies":[{"embeddable":true,"href":"https:\/\/islabonita.com\/de\/wp-json\/wp\/v2\/comments?post=12623"}],"version-history":[{"count":2,"href":"https:\/\/islabonita.com\/de\/wp-json\/wp\/v2\/pages\/12623\/revisions"}],"predecessor-version":[{"id":30054,"href":"https:\/\/islabonita.com\/de\/wp-json\/wp\/v2\/pages\/12623\/revisions\/30054"}],"wp:attachment":[{"href":"https:\/\/islabonita.com\/de\/wp-json\/wp\/v2\/media?parent=12623"}],"curies":[{"name":"wp","href":"https:\/\/api.w.org\/{rel}","templated":true}]}}